{"id":6,"date":"2021-07-04T16:03:35","date_gmt":"2021-07-04T16:03:35","guid":{"rendered":"http:\/\/www.lajoie.hu\/ocp21\/?page_id=6"},"modified":"2025-02-25T11:46:20","modified_gmt":"2025-02-25T11:46:20","slug":"71-2","status":"publish","type":"page","link":"https:\/\/ocp.co.hu\/en\/","title":{"rendered":"Kezd\u0151lap"},"content":{"rendered":"<div data-elementor-type=\"wp-page\" data-elementor-id=\"6\" class=\"elementor elementor-6\" data-elementor-post-type=\"page\">\n\t\t\t\t<div class=\"elementor-element elementor-element-3639c98 e-con-full e-flex e-con e-parent\" data-id=\"3639c98\" data-element_type=\"container\" data-e-type=\"container\" data-settings=\"{&quot;background_background&quot;:&quot;classic&quot;}\">\n\t\t\t\t<div class=\"elementor-element elementor-element-f054886 elementor-widget elementor-widget-shortcode\" data-id=\"f054886\" data-element_type=\"widget\" data-e-type=\"widget\" data-widget_type=\"shortcode.default\">\n\t\t\t\t<div class=\"elementor-widget-container\">\n\t\t\t\t\t\t\t<div class=\"elementor-shortcode\"> <\/div>\n\t\t\t\t\t\t<\/div>\n\t\t\t\t<\/div>\n\t\t\t\t<\/div>\n\t\t\t\t<section class=\"elementor-section elementor-top-section elementor-element elementor-element-efa7ac3 elementor-section-boxed elementor-section-height-default elementor-section-height-default\" data-id=\"efa7ac3\" data-element_type=\"section\" data-e-type=\"section\">\n\t\t\t\t\t\t<div class=\"elementor-container elementor-column-gap-default\">\n\t\t\t\t\t<div class=\"elementor-column elementor-col-100 elementor-top-column elementor-element elementor-element-ec9bbd5\" data-id=\"ec9bbd5\" data-element_type=\"column\" data-e-type=\"column\">\n\t\t\t<div class=\"elementor-widget-wrap elementor-element-populated\">\n\t\t\t\t\t\t<div class=\"elementor-element elementor-element-f964a9f animated-slow elementor-widget elementor-widget-heading\" data-id=\"f964a9f\" data-element_type=\"widget\" data-e-type=\"widget\" data-settings=\"{&quot;_animation&quot;:&quot;none&quot;}\" data-widget_type=\"heading.default\">\n\t\t\t\t<div class=\"elementor-widget-container\">\n\t\t\t\t\t<h1 class=\"elementor-heading-title elementor-size-default\">Levendul\u00e1s b\u0151rkezel\u0151 spray \u00e9s kr\u00e9m term\u00e9keink<\/h1>\t\t\t\t<\/div>\n\t\t\t\t<\/div>\n\t\t\t\t<div class=\"elementor-element elementor-element-9e0958f elementor-widget elementor-widget-text-editor\" data-id=\"9e0958f\" data-element_type=\"widget\" data-e-type=\"widget\" data-widget_type=\"text-editor.default\">\n\t\t\t\t<div class=\"elementor-widget-container\">\n\t\t\t\t\t\t\t\t\t<p>A levendul\u00e1s b\u0151rkezel\u0151 spray \u00e9s a zs\u00e1ly\u00e1s izomlaz\u00edt\u00f3 kr\u00e9m k\u00e9sz\u00edtm\u00e9nyeink az <strong><a href=\"https:\/\/ocp.co.hu\/en\/rolunk\/\">OCP technol\u00f3gia<\/a><\/strong> innov\u00e1ci\u00f3j\u00e1t hordozz\u00e1k magukban, melyek hat\u00e9kony megold\u00e1st ny\u00fajtanak a b\u0151r regener\u00e1ci\u00f3j\u00e1ra \u00e9s v\u00e9delm\u00e9re. K\u00edn\u00e1latunkat azok sz\u00e1m\u00e1ra tervezt\u00fck, akik a term\u00e9szet erej\u00e9vel k\u00edv\u00e1nj\u00e1k helyre\u00e1ll\u00edtani \u00e9s meg\u0151rizni b\u0151r\u00fck eg\u00e9szs\u00e9g\u00e9t. Ismerje meg pr\u00e9mium min\u0151s\u00e9g\u0171 <strong><a href=\"https:\/\/ocp.co.hu\/en\/uzlet\/\">term\u00e9keinket<\/a><\/strong>, \u00e9s \u00e9lje \u00e1t az OCP technol\u00f3gia k\u00fcl\u00f6nleges hat\u00e9konys\u00e1g\u00e1t!<\/p>\t\t\t\t\t\t\t\t<\/div>\n\t\t\t\t<\/div>\n\t\t\t\t<section class=\"elementor-section elementor-inner-section elementor-element elementor-element-5d0cb29 elementor-section-boxed elementor-section-height-default elementor-section-height-default\" data-id=\"5d0cb29\" data-element_type=\"section\" data-e-type=\"section\">\n\t\t\t\t\t\t<div class=\"elementor-container elementor-column-gap-default\">\n\t\t\t\t\t<div class=\"elementor-column elementor-col-20 elementor-inner-column elementor-element elementor-element-8c3ee2c\" data-id=\"8c3ee2c\" data-element_type=\"column\" data-e-type=\"column\">\n\t\t\t<div class=\"elementor-widget-wrap elementor-element-populated\">\n\t\t\t\t\t\t<div class=\"elementor-element elementor-element-b13270f elementor-position-top elementor-widget elementor-widget-image-box\" data-id=\"b13270f\" data-element_type=\"widget\" data-e-type=\"widget\" data-widget_type=\"image-box.default\">\n\t\t\t\t<div class=\"elementor-widget-container\">\n\t\t\t\t\t<div class=\"elementor-image-box-wrapper\"><figure class=\"elementor-image-box-img\"><img decoding=\"async\" src=\"https:\/\/ocp.co.hu\/wp-content\/uploads\/2025\/02\/organic-care-products-alkoholmentes-borregeneralo-spray.webp\" title=\"\" alt=\"Alkoholmentes b\u0151rregener\u00e1l\u00f3 spray, term\u00e9szetes \u00f6sszetev\u0151kkel \u00e9s b\u0151rnyugtat\u00f3 hat\u00e1ssal.\" loading=\"lazy\" \/><\/figure><div class=\"elementor-image-box-content\"><h2 class=\"elementor-image-box-title\">Alkoholmentes<br>b\u0151rkezel\u0151 spray<\/h2><p class=\"elementor-image-box-description\">Az OCP B\u0151rkezel\u0151 alkoholos spray alkalmas a sz\u00fanyog \u00e9s rovarcs\u00edp\u00e9sek\nt\u00fcneteinek cs\u00f6kkent\u00e9s\u00e9re.<\/p><\/div><\/div>\t\t\t\t<\/div>\n\t\t\t\t<\/div>\n\t\t\t\t<div class=\"elementor-element elementor-element-7f4bfeb animated-slow elementor-align-center elementor-widget elementor-widget-button\" data-id=\"7f4bfeb\" data-element_type=\"widget\" data-e-type=\"widget\" data-settings=\"{&quot;_animation&quot;:&quot;none&quot;,&quot;_animation_delay&quot;:800}\" data-widget_type=\"button.default\">\n\t\t\t\t<div class=\"elementor-widget-container\">\n\t\t\t\t\t\t\t\t\t<div class=\"elementor-button-wrapper\">\n\t\t\t\t\t<a class=\"elementor-button elementor-button-link elementor-size-sm\" href=\"https:\/\/ocp.co.hu\/en\/product\/alkoholmentes-borkezelo-spray\/\">\n\t\t\t\t\t\t<span class=\"elementor-button-content-wrapper\">\n\t\t\t\t\t\t\t\t\t<span class=\"elementor-button-text\">Megn\u00e9zem a term\u00e9ket<\/span>\n\t\t\t\t\t<\/span>\n\t\t\t\t\t<\/a>\n\t\t\t\t<\/div>\n\t\t\t\t\t\t\t\t<\/div>\n\t\t\t\t<\/div>\n\t\t\t\t\t<\/div>\n\t\t<\/div>\n\t\t\t\t<div class=\"elementor-column elementor-col-20 elementor-inner-column elementor-element elementor-element-d7114e0\" data-id=\"d7114e0\" data-element_type=\"column\" data-e-type=\"column\">\n\t\t\t<div class=\"elementor-widget-wrap elementor-element-populated\">\n\t\t\t\t\t\t<div class=\"elementor-element elementor-element-34f7718 elementor-position-top elementor-widget elementor-widget-image-box\" data-id=\"34f7718\" data-element_type=\"widget\" data-e-type=\"widget\" data-widget_type=\"image-box.default\">\n\t\t\t\t<div class=\"elementor-widget-container\">\n\t\t\t\t\t<div class=\"elementor-image-box-wrapper\"><figure class=\"elementor-image-box-img\"><img decoding=\"async\" src=\"https:\/\/ocp.co.hu\/wp-content\/uploads\/2025\/02\/organic-care-products-alkoholos-borregeneralo-spray.webp\" title=\"\" alt=\"B\u0151rregener\u00e1l\u00f3 spray alkoholtartalommal, term\u00e9szetes hat\u00f3anyagokkal a b\u0151r\u00e1pol\u00e1s t\u00e1mogat\u00e1s\u00e1ra.\" loading=\"lazy\" \/><\/figure><div class=\"elementor-image-box-content\"><h2 class=\"elementor-image-box-title\">Alkoholos<br>b\u0151rkezel\u0151 spray<\/h2><p class=\"elementor-image-box-description\">Az OCP B\u0151rkezel\u0151 alkoholos spray alkalmas a sz\u00fanyog \u00e9s rovarcs\u00edp\u00e9sek t\u00fcneteinek cs\u00f6kkent\u00e9s\u00e9re.<br><\/p><\/div><\/div>\t\t\t\t<\/div>\n\t\t\t\t<\/div>\n\t\t\t\t<div class=\"elementor-element elementor-element-c36b746 animated-slow elementor-align-center elementor-widget elementor-widget-button\" data-id=\"c36b746\" data-element_type=\"widget\" data-e-type=\"widget\" data-settings=\"{&quot;_animation&quot;:&quot;none&quot;,&quot;_animation_delay&quot;:800}\" data-widget_type=\"button.default\">\n\t\t\t\t<div class=\"elementor-widget-container\">\n\t\t\t\t\t\t\t\t\t<div class=\"elementor-button-wrapper\">\n\t\t\t\t\t<a class=\"elementor-button elementor-button-link elementor-size-sm\" href=\"https:\/\/ocp.co.hu\/en\/product\/levendulas-borkezelo-spray-alkohollal\/\">\n\t\t\t\t\t\t<span class=\"elementor-button-content-wrapper\">\n\t\t\t\t\t\t\t\t\t<span class=\"elementor-button-text\">Megn\u00e9zem a term\u00e9ket<\/span>\n\t\t\t\t\t<\/span>\n\t\t\t\t\t<\/a>\n\t\t\t\t<\/div>\n\t\t\t\t\t\t\t\t<\/div>\n\t\t\t\t<\/div>\n\t\t\t\t\t<\/div>\n\t\t<\/div>\n\t\t\t\t<div class=\"elementor-column elementor-col-20 elementor-inner-column elementor-element elementor-element-a2f7351\" data-id=\"a2f7351\" data-element_type=\"column\" data-e-type=\"column\">\n\t\t\t<div class=\"elementor-widget-wrap elementor-element-populated\">\n\t\t\t\t\t\t<div class=\"elementor-element elementor-element-8b78b08 elementor-position-top elementor-widget elementor-widget-image-box\" data-id=\"8b78b08\" data-element_type=\"widget\" data-e-type=\"widget\" data-widget_type=\"image-box.default\">\n\t\t\t\t<div class=\"elementor-widget-container\">\n\t\t\t\t\t<div class=\"elementor-image-box-wrapper\"><figure class=\"elementor-image-box-img\"><img decoding=\"async\" src=\"https:\/\/ocp.co.hu\/wp-content\/uploads\/2025\/02\/organic-care-products-alkoholmentes-borregeneralo-spray-gyerekeknek.webp\" title=\"\" alt=\"Gyerekeknek k\u00e9sz\u00fclt alkoholmentes b\u0151rregener\u00e1l\u00f3 spray, term\u00e9szetes hat\u00f3anyagokkal \u00e9s gyeng\u00e9d \u00e1pol\u00e1ssal.\" loading=\"lazy\" \/><\/figure><div class=\"elementor-image-box-content\"><h2 class=\"elementor-image-box-title\">Kids<br>b\u0151rkezel\u0151 spray<\/h2><p class=\"elementor-image-box-description\">A spray h\u00e1ztart\u00e1si balesetek  enyh\u00edt\u00e9s\u00e9re, nap\u00e9g\u00e9sre, sz\u00fanyog \u00e9s rovarcs\u00edp\u00e9sek t\u00fcneteinek cs\u00f6kkent\u00e9s\u00e9re.<br>\n<\/p><\/div><\/div>\t\t\t\t<\/div>\n\t\t\t\t<\/div>\n\t\t\t\t<div class=\"elementor-element elementor-element-e3ab4e7 animated-slow elementor-align-center elementor-widget elementor-widget-button\" data-id=\"e3ab4e7\" data-element_type=\"widget\" data-e-type=\"widget\" data-settings=\"{&quot;_animation&quot;:&quot;none&quot;,&quot;_animation_delay&quot;:800}\" data-widget_type=\"button.default\">\n\t\t\t\t<div class=\"elementor-widget-container\">\n\t\t\t\t\t\t\t\t\t<div class=\"elementor-button-wrapper\">\n\t\t\t\t\t<a class=\"elementor-button elementor-button-link elementor-size-sm\" href=\"https:\/\/ocp.co.hu\/en\/product\/kids-borkezelo-spray\/\">\n\t\t\t\t\t\t<span class=\"elementor-button-content-wrapper\">\n\t\t\t\t\t\t\t\t\t<span class=\"elementor-button-text\">Megn\u00e9zem a term\u00e9ket<\/span>\n\t\t\t\t\t<\/span>\n\t\t\t\t\t<\/a>\n\t\t\t\t<\/div>\n\t\t\t\t\t\t\t\t<\/div>\n\t\t\t\t<\/div>\n\t\t\t\t\t<\/div>\n\t\t<\/div>\n\t\t\t\t<div class=\"elementor-column elementor-col-20 elementor-inner-column elementor-element elementor-element-85fa376\" data-id=\"85fa376\" data-element_type=\"column\" data-e-type=\"column\">\n\t\t\t<div class=\"elementor-widget-wrap elementor-element-populated\">\n\t\t\t\t\t\t<div class=\"elementor-element elementor-element-398e470 elementor-position-top elementor-widget elementor-widget-image-box\" data-id=\"398e470\" data-element_type=\"widget\" data-e-type=\"widget\" data-widget_type=\"image-box.default\">\n\t\t\t\t<div class=\"elementor-widget-container\">\n\t\t\t\t\t<div class=\"elementor-image-box-wrapper\"><figure class=\"elementor-image-box-img\"><img decoding=\"async\" src=\"https:\/\/ocp.co.hu\/wp-content\/uploads\/2025\/02\/organic-care-products-alkoholmentes-borregeneralo-spray-haziallatoknak.webp\" title=\"\" alt=\"Alkoholmentes b\u0151rregener\u00e1l\u00f3 spray h\u00e1zi\u00e1llatoknak, term\u00e9szetes \u00f6sszetev\u0151kb\u0151l, k\u00edm\u00e9letes b\u0151r\u00e1pol\u00e1sra.\" loading=\"lazy\" \/><\/figure><div class=\"elementor-image-box-content\"><h2 class=\"elementor-image-box-title\">Pets<br>b\u0151rkezel\u0151 spray<\/h2><p class=\"elementor-image-box-description\">Term\u00e9szetes ill\u00f3olajok felhaszn\u00e1l\u00e1s\u00e1val k\u00e9sz\u00fclt term\u00e9k. Alkoholmentes. Kis\u00e1llatok sz\u00e1m\u00e1ra. <br>\n<\/p><\/div><\/div>\t\t\t\t<\/div>\n\t\t\t\t<\/div>\n\t\t\t\t<div class=\"elementor-element elementor-element-6ce7b76 animated-slow elementor-align-center elementor-widget__width-initial elementor-widget elementor-widget-button\" data-id=\"6ce7b76\" data-element_type=\"widget\" data-e-type=\"widget\" data-settings=\"{&quot;_animation&quot;:&quot;none&quot;,&quot;_animation_delay&quot;:800}\" data-widget_type=\"button.default\">\n\t\t\t\t<div class=\"elementor-widget-container\">\n\t\t\t\t\t\t\t\t\t<div class=\"elementor-button-wrapper\">\n\t\t\t\t\t<a class=\"elementor-button elementor-button-link elementor-size-sm\" href=\"https:\/\/ocp.co.hu\/en\/product\/pets-borkezelo-spray\/\">\n\t\t\t\t\t\t<span class=\"elementor-button-content-wrapper\">\n\t\t\t\t\t\t\t\t\t<span class=\"elementor-button-text\">Megn\u00e9zem a term\u00e9ket<\/span>\n\t\t\t\t\t<\/span>\n\t\t\t\t\t<\/a>\n\t\t\t\t<\/div>\n\t\t\t\t\t\t\t\t<\/div>\n\t\t\t\t<\/div>\n\t\t\t\t\t<\/div>\n\t\t<\/div>\n\t\t\t\t<div class=\"elementor-column elementor-col-20 elementor-inner-column elementor-element elementor-element-f6530f2\" data-id=\"f6530f2\" data-element_type=\"column\" data-e-type=\"column\">\n\t\t\t<div class=\"elementor-widget-wrap elementor-element-populated\">\n\t\t\t\t\t\t<div class=\"elementor-element elementor-element-c8279a9 elementor-position-top elementor-widget elementor-widget-image-box\" data-id=\"c8279a9\" data-element_type=\"widget\" data-e-type=\"widget\" data-widget_type=\"image-box.default\">\n\t\t\t\t<div class=\"elementor-widget-container\">\n\t\t\t\t\t<div class=\"elementor-image-box-wrapper\"><figure class=\"elementor-image-box-img\"><img decoding=\"async\" src=\"https:\/\/ocp.co.hu\/wp-content\/uploads\/2025\/02\/organic-care-products-zsalyas-izomlazito-krem.webp\" title=\"\" alt=\"Zs\u00e1ly\u00e1s kr\u00e9m term\u00e9szetes hat\u00f3anyagokkal, izomlaz\u00edt\u00f3 \u00e9s b\u0151r\u00e1pol\u00f3 tulajdons\u00e1gokkal, organikus \u00f6sszetev\u0151kkel.\" loading=\"lazy\" \/><\/figure><div class=\"elementor-image-box-content\"><h2 class=\"elementor-image-box-title\">OCP<br>zs\u00e1ly\u00e1s kr\u00e9m<\/h2><p class=\"elementor-image-box-description\">A zs\u00e1ly\u00e1b\u00f3l k\u00e9sz\u00fclt kr\u00e9m kiv\u00e1l\u00f3 izomlaz\u00edt\u00f3 hat\u00e1s\u00fa \u00e9s seg\u00edtheti a kontrakt\u00far\u00e1k, izomg\u00f6rcs\u00f6k old\u00e1s\u00e1t.<\/p><\/div><\/div>\t\t\t\t<\/div>\n\t\t\t\t<\/div>\n\t\t\t\t<div class=\"elementor-element elementor-element-e2929db animated-slow elementor-align-center elementor-widget elementor-widget-button\" data-id=\"e2929db\" data-element_type=\"widget\" data-e-type=\"widget\" data-settings=\"{&quot;_animation&quot;:&quot;none&quot;,&quot;_animation_delay&quot;:800}\" data-widget_type=\"button.default\">\n\t\t\t\t<div class=\"elementor-widget-container\">\n\t\t\t\t\t\t\t\t\t<div class=\"elementor-button-wrapper\">\n\t\t\t\t\t<a class=\"elementor-button elementor-button-link elementor-size-sm\" href=\"https:\/\/ocp.co.hu\/en\/product\/ocp-zsalyas-krem\/\">\n\t\t\t\t\t\t<span class=\"elementor-button-content-wrapper\">\n\t\t\t\t\t\t\t\t\t<span class=\"elementor-button-text\">Megn\u00e9zem a term\u00e9ket<\/span>\n\t\t\t\t\t<\/span>\n\t\t\t\t\t<\/a>\n\t\t\t\t<\/div>\n\t\t\t\t\t\t\t\t<\/div>\n\t\t\t\t<\/div>\n\t\t\t\t\t<\/div>\n\t\t<\/div>\n\t\t\t\t\t<\/div>\n\t\t<\/section>\n\t\t\t\t<div class=\"elementor-element elementor-element-2b97e85 elementor-widget-divider--view-line_text elementor-widget-divider--element-align-center elementor-widget elementor-widget-divider\" data-id=\"2b97e85\" data-element_type=\"widget\" data-e-type=\"widget\" data-widget_type=\"divider.default\">\n\t\t\t\t<div class=\"elementor-widget-container\">\n\t\t\t\t\t\t\t<div class=\"elementor-divider\">\n\t\t\t<span class=\"elementor-divider-separator\">\n\t\t\t\t\t\t\t<span class=\"elementor-divider__text elementor-divider__element\">\n\t\t\t\tORGANIC CARE PRODUCTS\t\t\t\t<\/span>\n\t\t\t\t\t\t<\/span>\n\t\t<\/div>\n\t\t\t\t\t\t<\/div>\n\t\t\t\t<\/div>\n\t\t\t\t\t<\/div>\n\t\t<\/div>\n\t\t\t\t\t<\/div>\n\t\t<\/section>\n\t\t\t\t<section class=\"elementor-section elementor-top-section elementor-element elementor-element-642cf85 elementor-section-boxed elementor-section-height-default elementor-section-height-default\" data-id=\"642cf85\" data-element_type=\"section\" data-e-type=\"section\">\n\t\t\t\t\t\t<div class=\"elementor-container elementor-column-gap-default\">\n\t\t\t\t\t<div class=\"elementor-column elementor-col-33 elementor-top-column elementor-element elementor-element-7503be8\" data-id=\"7503be8\" data-element_type=\"column\" data-e-type=\"column\">\n\t\t\t<div class=\"elementor-widget-wrap elementor-element-populated\">\n\t\t\t\t\t\t<div class=\"elementor-element elementor-element-ff34a0c animated-slow elementor-widget elementor-widget-heading\" data-id=\"ff34a0c\" data-element_type=\"widget\" data-e-type=\"widget\" data-settings=\"{&quot;_animation&quot;:&quot;none&quot;}\" data-widget_type=\"heading.default\">\n\t\t\t\t<div class=\"elementor-widget-container\">\n\t\t\t\t\t<h2 class=\"elementor-heading-title elementor-size-default\">\u00c9RT\u00c9KES \u00d6SSZETEV\u0150KKEL<\/h2>\t\t\t\t<\/div>\n\t\t\t\t<\/div>\n\t\t\t\t<div class=\"elementor-element elementor-element-1fc9a04 elementor-widget elementor-widget-text-editor\" data-id=\"1fc9a04\" data-element_type=\"widget\" data-e-type=\"widget\" data-widget_type=\"text-editor.default\">\n\t\t\t\t<div class=\"elementor-widget-container\">\n\t\t\t\t\t\t\t\t\t<p style=\"text-align: center;\">Magyar fejleszt\u00e9s\u0171 \u00e9s gy\u00e1rt\u00e1s\u00fa term\u00e9k levendula,- \u00e9s citromolajjal, A,- \u00e9s E-vitaminnal, valamint lecitinnel. Cukorbetegek \u00e9s gyerekek is haszn\u00e1lhatj\u00e1k.<\/p>\t\t\t\t\t\t\t\t<\/div>\n\t\t\t\t<\/div>\n\t\t\t\t<div class=\"elementor-element elementor-element-27126c8 animated-slow elementor-widget elementor-widget-heading\" data-id=\"27126c8\" data-element_type=\"widget\" data-e-type=\"widget\" data-settings=\"{&quot;_animation&quot;:&quot;none&quot;}\" data-widget_type=\"heading.default\">\n\t\t\t\t<div class=\"elementor-widget-container\">\n\t\t\t\t\t<h2 class=\"elementor-heading-title elementor-size-default\">MAGYAR TERM\u00c9K<\/h2>\t\t\t\t<\/div>\n\t\t\t\t<\/div>\n\t\t\t\t<div class=\"elementor-element elementor-element-a59b276 elementor-widget elementor-widget-text-editor\" data-id=\"a59b276\" data-element_type=\"widget\" data-e-type=\"widget\" data-widget_type=\"text-editor.default\">\n\t\t\t\t<div class=\"elementor-widget-container\">\n\t\t\t\t\t\t\t\t\t<p style=\"text-align: center;\">Magyar fejleszt\u00e9s\u0171 \u00e9s gy\u00e1rt\u00e1s\u00fa term\u00e9kek a gy\u00f3gyn\u00f6v\u00e9nyek erej\u00e9vel<\/p>\t\t\t\t\t\t\t\t<\/div>\n\t\t\t\t<\/div>\n\t\t\t\t<div class=\"elementor-element elementor-element-c6eafdb animated-slow elementor-widget elementor-widget-heading\" data-id=\"c6eafdb\" data-element_type=\"widget\" data-e-type=\"widget\" data-settings=\"{&quot;_animation&quot;:&quot;none&quot;}\" data-widget_type=\"heading.default\">\n\t\t\t\t<div class=\"elementor-widget-container\">\n\t\t\t\t\t<h2 class=\"elementor-heading-title elementor-size-default\">VEGYSZERMENTES<\/h2>\t\t\t\t<\/div>\n\t\t\t\t<\/div>\n\t\t\t\t<div class=\"elementor-element elementor-element-9e2f2be elementor-widget elementor-widget-text-editor\" data-id=\"9e2f2be\" data-element_type=\"widget\" data-e-type=\"widget\" data-widget_type=\"text-editor.default\">\n\t\t\t\t<div class=\"elementor-widget-container\">\n\t\t\t\t\t\t\t\t\t<p style=\"text-align: center;\">Kiemelten fontosnak tartjuk, hogy term\u00e9keink k\u00e1ros \u00f6sszetev\u0151kt\u0151l mentesek legyenek, emiatt term\u00e9szetes hat\u00f3anyagokat \u00e9s\u00a0 gy\u00f3gyn\u00f6v\u00e9nyeket haszn\u00e1lunk a gy\u00e1rt\u00e1s sor\u00e1n.<\/p>\t\t\t\t\t\t\t\t<\/div>\n\t\t\t\t<\/div>\n\t\t\t\t\t<\/div>\n\t\t<\/div>\n\t\t\t\t<div class=\"elementor-column elementor-col-33 elementor-top-column elementor-element elementor-element-3f8acc5\" data-id=\"3f8acc5\" data-element_type=\"column\" data-e-type=\"column\">\n\t\t\t<div class=\"elementor-widget-wrap elementor-element-populated\">\n\t\t\t\t\t\t<div class=\"elementor-element elementor-element-0fd24d9 elementor-widget elementor-widget-image\" data-id=\"0fd24d9\" data-element_type=\"widget\" data-e-type=\"widget\" data-widget_type=\"image.default\">\n\t\t\t\t<div class=\"elementor-widget-container\">\n\t\t\t\t\t\t\t\t\t\t\t\t\t\t\t<img loading=\"lazy\" decoding=\"async\" width=\"525\" height=\"700\" src=\"https:\/\/ocp.co.hu\/wp-content\/uploads\/2025\/02\/levendula-tal-termeszetes-gyogynoveny.webp\" class=\"attachment-large size-large wp-image-1623\" alt=\"Egy t\u00e1l sz\u00e1r\u00edtott levendula, term\u00e9szetes gy\u00f3gyn\u00f6v\u00e9nyk\u00e9nt, amely b\u0151r\u00e1pol\u00e1si term\u00e9keink alapja.\" \/>\t\t\t\t\t\t\t\t\t\t\t\t\t\t\t<\/div>\n\t\t\t\t<\/div>\n\t\t\t\t\t<\/div>\n\t\t<\/div>\n\t\t\t\t<div class=\"elementor-column elementor-col-33 elementor-top-column elementor-element elementor-element-fbe1db6\" data-id=\"fbe1db6\" data-element_type=\"column\" data-e-type=\"column\">\n\t\t\t<div class=\"elementor-widget-wrap elementor-element-populated\">\n\t\t\t\t\t\t<div class=\"elementor-element elementor-element-9249a13 animated-slow elementor-widget elementor-widget-heading\" data-id=\"9249a13\" data-element_type=\"widget\" data-e-type=\"widget\" data-settings=\"{&quot;_animation&quot;:&quot;none&quot;}\" data-widget_type=\"heading.default\">\n\t\t\t\t<div class=\"elementor-widget-container\">\n\t\t\t\t\t<h2 class=\"elementor-heading-title elementor-size-default\">100% TERM\u00c9SZETES<\/h2>\t\t\t\t<\/div>\n\t\t\t\t<\/div>\n\t\t\t\t<div class=\"elementor-element elementor-element-69cf167 elementor-widget elementor-widget-text-editor\" data-id=\"69cf167\" data-element_type=\"widget\" data-e-type=\"widget\" data-widget_type=\"text-editor.default\">\n\t\t\t\t<div class=\"elementor-widget-container\">\n\t\t\t\t\t\t\t\t\t<p style=\"text-align: center;\">Az OCP b\u0151rkezel\u0151 spray-k kiz\u00e1r\u00f3lag term\u00e9szetes hat\u00f3anyagokat tartalmaznak, el\u0151seg\u00edtik a sebgy\u00f3gyul\u00e1st, gyullad\u00e1scs\u00f6kkent\u00fa hat\u00e1s\u00faak. Bakt\u00e9rium \u00e9s gomba\u00f6l\u0151 tulajdons\u00e1gainak k\u00f6sz\u00f6nhet\u0151en nagyon sokoldal\u00faan haszn\u00e1lhat\u00f3k.<\/p>\t\t\t\t\t\t\t\t<\/div>\n\t\t\t\t<\/div>\n\t\t\t\t<div class=\"elementor-element elementor-element-b07ccd9 animated-slow elementor-widget elementor-widget-heading\" data-id=\"b07ccd9\" data-element_type=\"widget\" data-e-type=\"widget\" data-settings=\"{&quot;_animation&quot;:&quot;none&quot;}\" data-widget_type=\"heading.default\">\n\t\t\t\t<div class=\"elementor-widget-container\">\n\t\t\t\t\t<h2 class=\"elementor-heading-title elementor-size-default\">NEM TESZTELT\u00dcK \u00c1LLATOKON<\/h2>\t\t\t\t<\/div>\n\t\t\t\t<\/div>\n\t\t\t\t<div class=\"elementor-element elementor-element-70394a1 elementor-widget elementor-widget-text-editor\" data-id=\"70394a1\" data-element_type=\"widget\" data-e-type=\"widget\" data-widget_type=\"text-editor.default\">\n\t\t\t\t<div class=\"elementor-widget-container\">\n\t\t\t\t\t\t\t\t\t<p style=\"text-align: center;\">Minden term\u00e9k\u00fcnk \u00e1llatk\u00eds\u00e9rlet-mentes, egyiket sem tesztelj\u00fck \u00e1llatokon<\/p>\t\t\t\t\t\t\t\t<\/div>\n\t\t\t\t<\/div>\n\t\t\t\t<div class=\"elementor-element elementor-element-077d07c animated-slow elementor-widget elementor-widget-heading\" data-id=\"077d07c\" data-element_type=\"widget\" data-e-type=\"widget\" data-settings=\"{&quot;_animation&quot;:&quot;none&quot;}\" data-widget_type=\"heading.default\">\n\t\t\t\t<div class=\"elementor-widget-container\">\n\t\t\t\t\t<h2 class=\"elementor-heading-title elementor-size-default\">GYEREKEKNEK IS<\/h2>\t\t\t\t<\/div>\n\t\t\t\t<\/div>\n\t\t\t\t<div class=\"elementor-element elementor-element-fb57911 elementor-widget elementor-widget-text-editor\" data-id=\"fb57911\" data-element_type=\"widget\" data-e-type=\"widget\" data-widget_type=\"text-editor.default\">\n\t\t\t\t<div class=\"elementor-widget-container\">\n\t\t\t\t\t\t\t\t\t<p style=\"text-align: center;\">Alkoholmentes term\u00e9keinket gyermekek is b\u00e1tran haszn\u00e1lhatj\u00e1k, hiszen csak term\u00e9szetes \u00f6sszetev\u0151ket tartalmaznak<\/p>\t\t\t\t\t\t\t\t<\/div>\n\t\t\t\t<\/div>\n\t\t\t\t\t<\/div>\n\t\t<\/div>\n\t\t\t\t\t<\/div>\n\t\t<\/section>\n\t\t\t\t<\/div>","protected":false},"excerpt":{"rendered":"<p>Levendul\u00e1s b\u0151rkezel\u0151 spray \u00e9s kr\u00e9m term\u00e9keink A levendul\u00e1s b\u0151rkezel\u0151 spray \u00e9s a zs\u00e1ly\u00e1s izomlaz\u00edt\u00f3 kr\u00e9m k\u00e9sz\u00edtm\u00e9nyeink az OCP technol\u00f3gia innov\u00e1ci\u00f3j\u00e1t hordozz\u00e1k magukban, melyek hat\u00e9kony megold\u00e1st ny\u00fajtanak a b\u0151r regener\u00e1ci\u00f3j\u00e1ra \u00e9s v\u00e9delm\u00e9re. K\u00edn\u00e1latunkat azok sz\u00e1m\u00e1ra tervezt\u00fck, akik a term\u00e9szet erej\u00e9vel k\u00edv\u00e1nj\u00e1k helyre\u00e1ll\u00edtani \u00e9s meg\u0151rizni b\u0151r\u00fck eg\u00e9szs\u00e9g\u00e9t. Ismerje meg pr\u00e9mium min\u0151s\u00e9g\u0171 term\u00e9keinket, \u00e9s \u00e9lje \u00e1t az OCP [&hellip;]<\/p>\n","protected":false},"author":3,"featured_media":0,"parent":0,"menu_order":0,"comment_status":"closed","ping_status":"closed","template":"elementor_header_footer","meta":{"_glsr_average":0,"_glsr_ranking":0,"_glsr_reviews":0,"footnotes":""},"class_list":["post-6","page","type-page","status-publish","hentry","wpbf-post"],"_links":{"self":[{"href":"https:\/\/ocp.co.hu\/en\/wp-json\/wp\/v2\/pages\/6","targetHints":{"allow":["GET"]}}],"collection":[{"href":"https:\/\/ocp.co.hu\/en\/wp-json\/wp\/v2\/pages"}],"about":[{"href":"https:\/\/ocp.co.hu\/en\/wp-json\/wp\/v2\/types\/page"}],"author":[{"embeddable":true,"href":"https:\/\/ocp.co.hu\/en\/wp-json\/wp\/v2\/users\/3"}],"replies":[{"embeddable":true,"href":"https:\/\/ocp.co.hu\/en\/wp-json\/wp\/v2\/comments?post=6"}],"version-history":[{"count":0,"href":"https:\/\/ocp.co.hu\/en\/wp-json\/wp\/v2\/pages\/6\/revisions"}],"wp:attachment":[{"href":"https:\/\/ocp.co.hu\/en\/wp-json\/wp\/v2\/media?parent=6"}],"curies":[{"name":"wp","href":"https:\/\/api.w.org\/{rel}","templated":true}]}}